{"id":31,"date":"2026-03-12T16:26:33","date_gmt":"2026-03-12T16:26:33","guid":{"rendered":"https:\/\/unikaalnesaar.ee\/about\/"},"modified":"2026-04-26T16:30:36","modified_gmt":"2026-04-26T16:30:36","slug":"about","status":"publish","type":"page","link":"https:\/\/unikaalnesaar.ee\/?page_id=31","title":{"rendered":"About"},"content":{"rendered":"\n<div class=\"wp-block-uagb-container uagb-block-65e8ecdc alignfull uagb-is-root-container\"><div class=\"uagb-container-inner-blocks-wrap\">\n<div class=\"wp-block-uagb-info-box uagb-block-cd53bdb9 uagb-infobox__content-wrap  uagb-infobox-icon-above-title uagb-infobox-image-valign-top\"><div class=\"uagb-ifb-content\"><div class=\"uagb-ifb-title-wrap\"><p class=\"uagb-ifb-title-prefix\">Rahulik looduspuhkus<\/p><h1 class=\"uagb-ifb-title\">Tule ja puhka looduses<\/h1><\/div><p class=\"uagb-ifb-desc\">J\u00e4rvepuhkus pakub rahulikku ja naturaalsest keskkonnast l\u00e4htuvat puhkust, kus saad nautida rohelust ning v\u00e4rsket \u00f5hku eemal linnak\u00e4rast.<\/p><\/div><\/div>\n<\/div><\/div>\n\n\n\n<div class=\"wp-block-uagb-container uagb-block-698e16c6 alignfull uagb-is-root-container\"><div class=\"uagb-container-inner-blocks-wrap\">\n<div class=\"wp-block-uagb-info-box uagb-block-e0ba5483 uagb-infobox__content-wrap  uagb-infobox-icon-above-title uagb-infobox-image-valign-top\"><div class=\"uagb-ifb-content\"><div class=\"uagb-ifb-title-wrap\"><p class=\"uagb-ifb-title-prefix\">Meist ja meie v\u00e4\u00e4rtustest<\/p><h2 class=\"uagb-ifb-title\">Meie ettev\u00f5tte tutvustus<\/h2><\/div><\/div><\/div>\n\n\n\n<div class=\"wp-block-uagb-container uagb-block-36f8542b\">\n<div class=\"wp-block-uagb-container uagb-block-4a9e6f68\">\n<div class=\"wp-block-uagb-image alignleft uagb-block-6890a6c9 wp-block-uagb-image--layout-default wp-block-uagb-image--effect-static wp-block-uagb-image--align-left\"><figure class=\"wp-block-uagb-image__figure\"><img decoding=\"async\" srcset=\"https:\/\/unikaalnesaar.ee\/wp-content\/uploads\/2026\/03\/6FF4AFA3-0F89-48ED-9FF2-C15EFDBE5421.jpeg ,https:\/\/unikaalnesaar.ee\/wp-content\/uploads\/2026\/03\/6FF4AFA3-0F89-48ED-9FF2-C15EFDBE5421.jpeg 780w, https:\/\/unikaalnesaar.ee\/wp-content\/uploads\/2026\/03\/6FF4AFA3-0F89-48ED-9FF2-C15EFDBE5421.jpeg 360w\" sizes=\"auto, (max-width: 480px) 150px\" src=\"https:\/\/unikaalnesaar.ee\/wp-content\/uploads\/2026\/03\/6FF4AFA3-0F89-48ED-9FF2-C15EFDBE5421.jpeg\" alt=\"6FF4AFA3 0F89 48ED 9FF2 C15EFDBE5421\" class=\"uag-image-12\" width=\"325\" height=\"350\" title=\"About\" loading=\"lazy\" role=\"img\"><\/figure><\/div>\n\n\n\n<div class=\"wp-block-uagb-image alignleft uagb-block-55dbcfbc wp-block-uagb-image--layout-default wp-block-uagb-image--effect-static wp-block-uagb-image--align-left uag-hide-mob\"><figure class=\"wp-block-uagb-image__figure\"><img decoding=\"async\" srcset=\"https:\/\/unikaalnesaar.ee\/wp-content\/uploads\/2026\/03\/DE0E9878-5F6D-4A90-9CD2-103C3435A46D.jpeg ,https:\/\/unikaalnesaar.ee\/wp-content\/uploads\/2026\/03\/DE0E9878-5F6D-4A90-9CD2-103C3435A46D.jpeg 780w, https:\/\/unikaalnesaar.ee\/wp-content\/uploads\/2026\/03\/DE0E9878-5F6D-4A90-9CD2-103C3435A46D.jpeg 360w\" sizes=\"auto, (max-width: 480px) 150px\" src=\"https:\/\/unikaalnesaar.ee\/wp-content\/uploads\/2026\/03\/DE0E9878-5F6D-4A90-9CD2-103C3435A46D.jpeg\" alt=\"DE0E9878 5F6D 4A90 9CD2 103C3435A46D\" class=\"uag-image-13\" width=\"325\" height=\"410\" title=\"About\" loading=\"lazy\" role=\"img\"><\/figure><\/div>\n<\/div>\n\n\n\n<div class=\"wp-block-uagb-container uagb-block-cf677736\">\n<div class=\"wp-block-uagb-info-box uagb-block-694fe3d9 uagb-infobox__content-wrap  uagb-infobox-icon-above-title uagb-infobox-image-valign-top\"><div class=\"uagb-ifb-content\"><div class=\"uagb-ifb-title-wrap\"><p class=\"uagb-ifb-title\">J\u00e4rvepuhkus on loodud pakkuma rahulikku puhkust kaunis looduskeskkonnas, soodustades looduse ja heaolu \u00fchendamist.<\/p><\/div><p class=\"uagb-ifb-desc\">Meie k\u00e4mpingud asuvad V\u00f5rtsj\u00e4rve \u00e4\u00e4res, pakkudes k\u00fclalistele erilist kogemust puhkuseks ja koosolekuks looduse r\u00fcpes.<\/p><\/div><\/div>\n<\/div>\n<\/div>\n<\/div><\/div>\n\n\n\n<div class=\"wp-block-uagb-container uagb-block-198ec460 alignfull uagb-is-root-container\"><div class=\"uagb-container-inner-blocks-wrap\">\n<div class=\"wp-block-uagb-container uagb-block-596e8019\">\n<div class=\"wp-block-uagb-container uagb-block-2e506f4e\">\n<div class=\"wp-block-uagb-info-box uagb-block-42eea379 uagb-infobox__content-wrap  uagb-infobox-icon-above-title uagb-infobox-image-valign-top\"><div class=\"uagb-ifb-content\"><div class=\"uagb-ifb-title-wrap\"><p class=\"uagb-ifb-title-prefix\">Meie ajalugu<\/p><h2 class=\"uagb-ifb-title\">Kuidas s\u00fcndis J\u00e4rvepuhkus?<\/h2><\/div><\/div><\/div>\n\n\n\n<div class=\"wp-block-uagb-info-box uagb-block-aadeee1c uagb-infobox__content-wrap  uagb-infobox-icon-above-title uagb-infobox-image-valign-top\"><div class=\"uagb-ifb-content\"><div class=\"uagb-ifb-title-wrap\"><p class=\"uagb-ifb-title\">J\u00e4rvepuhkus sai alguse armastusest looduse vastu ja soovist luua koht, kus inimesed saavad rahus ja vaikuses puhata.<\/p><\/div><p class=\"uagb-ifb-desc\">Meie teekond on olnud huvitav, pakkudes k\u00fclastajatele unustamatuid hetki looduses ning tugevdades sidet kohaliku eluga.<\/p><\/div><\/div>\n<\/div>\n\n\n\n<div class=\"wp-block-uagb-image alignleft uagb-block-d115db0e wp-block-uagb-image--layout-default wp-block-uagb-image--effect-static wp-block-uagb-image--align-left\"><figure class=\"wp-block-uagb-image__figure\"><img decoding=\"async\" srcset=\"https:\/\/unikaalnesaar.ee\/wp-content\/uploads\/2026\/03\/12E43CF0-5D83-42EB-9E82-2ACEBD3E445A.jpeg ,https:\/\/unikaalnesaar.ee\/wp-content\/uploads\/2026\/03\/12E43CF0-5D83-42EB-9E82-2ACEBD3E445A.jpeg 780w\" sizes=\"auto, (max-width: 480px) 150px\" src=\"https:\/\/unikaalnesaar.ee\/wp-content\/uploads\/2026\/03\/12E43CF0-5D83-42EB-9E82-2ACEBD3E445A.jpeg\" alt=\"12E43CF0 5D83 42EB 9E82 2ACEBD3E445A\" class=\"uag-image-14\" width=\"560\" height=\"500\" title=\"About\" loading=\"lazy\" role=\"img\"><\/figure><\/div>\n<\/div>\n\n\n\n<div class=\"wp-block-uagb-container uagb-block-c38df70e\">\n\n\n\n\n<div class=\"wp-block-uagb-counter uagb-block-75b73eb3 wp-block-uagb-counter--number\"><div class=\"wp-block-uagb-counter__number\"><span class=\"uagb-counter-block-number\" data-duration=\"1.5\" data-to-value=\"20\" data-from-value=\"0\" data-delimiter=\",\"><\/span><span class=\"uagb-counter-block-suffix\">+<\/span><\/div><div class=\"wp-block-uagb-counter__title\">K\u00fclastajad<\/div><\/div>\n<\/div>\n<\/div><\/div>\n\n\n\n<div class=\"wp-block-uagb-container uagb-block-f15ad184 alignfull uagb-is-root-container\"><div class=\"uagb-container-inner-blocks-wrap\">\n<div class=\"wp-block-uagb-info-box uagb-block-c913da10 uagb-infobox__content-wrap  uagb-infobox-icon-above-title uagb-infobox-image-valign-top\"><div class=\"uagb-ifb-content\"><div class=\"uagb-ifb-title-wrap\"><p class=\"uagb-ifb-title-prefix\">Tutvu meie tiimiga<\/p><h2 class=\"uagb-ifb-title\">Meie p\u00fchendunud meeskond<\/h2><\/div><p class=\"uagb-ifb-desc\">Meie tiim on kokku pandud kirglikest looduse armastajatest, kes soovivad pakkuda parimat v\u00f5imalikku puhkusekogemust.<\/p><\/div><\/div>\n\n\n\n<div class=\"wp-block-uagb-container uagb-block-4bde8b8b\">\n<div class=\"wp-block-uagb-container uagb-block-55cec328\">\n<div class=\"wp-block-uagb-image alignleft uagb-block-1f1b56e0 wp-block-uagb-image--layout-default wp-block-uagb-image--effect-static wp-block-uagb-image--align-left\"><figure class=\"wp-block-uagb-image__figure\"><img decoding=\"async\" srcset=\"https:\/\/unikaalnesaar.ee\/wp-content\/uploads\/2024\/04\/team-skip-07.jpg ,https:\/\/unikaalnesaar.ee\/wp-content\/uploads\/2024\/04\/team-skip-07.jpg 780w, https:\/\/unikaalnesaar.ee\/wp-content\/uploads\/2024\/04\/team-skip-07.jpg 360w\" sizes=\"auto, (max-width: 480px) 150px\" src=\"https:\/\/unikaalnesaar.ee\/wp-content\/uploads\/2024\/04\/team-skip-07.jpg\" alt=\"team skip 07\" class=\"uag-image-565\" width=\"270\" height=\"300\" title=\"team-skip-07\" loading=\"lazy\" role=\"img\"\/><\/figure><\/div>\n\n\n\n<div class=\"wp-block-uagb-advanced-heading uagb-block-62a53317\"><p class=\"uagb-heading-text\">Raivo<\/p><p class=\"uagb-desc-text\">Juhataja<\/p><\/div>\n<\/div>\n\n\n\n<div class=\"wp-block-uagb-container uagb-block-f5b6114b\">\n<div class=\"wp-block-uagb-image alignleft uagb-block-eb197bd1 wp-block-uagb-image--layout-default wp-block-uagb-image--effect-static wp-block-uagb-image--align-left\"><figure class=\"wp-block-uagb-image__figure\"><img decoding=\"async\" srcset=\"https:\/\/unikaalnesaar.ee\/wp-content\/uploads\/2024\/04\/team-skip-24.jpg ,https:\/\/unikaalnesaar.ee\/wp-content\/uploads\/2024\/04\/team-skip-24.jpg 780w, https:\/\/unikaalnesaar.ee\/wp-content\/uploads\/2024\/04\/team-skip-24.jpg 360w\" sizes=\"auto, (max-width: 480px) 150px\" src=\"https:\/\/unikaalnesaar.ee\/wp-content\/uploads\/2024\/04\/team-skip-24.jpg\" alt=\"team skip 24\" class=\"uag-image-567\" width=\"270\" height=\"300\" title=\"team-skip-24\" loading=\"lazy\" role=\"img\"\/><\/figure><\/div>\n\n\n\n<div class=\"wp-block-uagb-advanced-heading uagb-block-d77a2999\"><p class=\"uagb-heading-text\">Olga<\/p><p class=\"uagb-desc-text\">Juhataja<\/p><\/div>\n<\/div>\n\n\n\n<div class=\"wp-block-uagb-container uagb-block-cae9e631\">\n<div class=\"wp-block-uagb-image alignleft uagb-block-03767c33 wp-block-uagb-image--layout-default wp-block-uagb-image--effect-static wp-block-uagb-image--align-left\"><figure class=\"wp-block-uagb-image__figure\"><img decoding=\"async\" srcset=\"https:\/\/unikaalnesaar.ee\/wp-content\/uploads\/2024\/04\/team-skip-04.jpg ,https:\/\/unikaalnesaar.ee\/wp-content\/uploads\/2024\/04\/team-skip-04.jpg 780w, https:\/\/unikaalnesaar.ee\/wp-content\/uploads\/2024\/04\/team-skip-04.jpg 360w\" sizes=\"auto, (max-width: 480px) 150px\" src=\"https:\/\/unikaalnesaar.ee\/wp-content\/uploads\/2024\/04\/team-skip-04.jpg\" alt=\"team skip 04\" class=\"uag-image-568\" width=\"270\" height=\"300\" title=\"team-skip-04\" loading=\"lazy\" role=\"img\"\/><\/figure><\/div>\n\n\n\n<div class=\"wp-block-uagb-advanced-heading uagb-block-52df4651\"><p class=\"uagb-heading-text\">Maario<\/p><p class=\"uagb-desc-text\">Juhataja<\/p><\/div>\n<\/div>\n\n\n\n<div class=\"wp-block-uagb-container uagb-block-ed444b52\">\n<div class=\"wp-block-uagb-image alignleft uagb-block-64e03d88 wp-block-uagb-image--layout-default wp-block-uagb-image--effect-static wp-block-uagb-image--align-left\"><figure class=\"wp-block-uagb-image__figure\"><img decoding=\"async\" srcset=\"https:\/\/unikaalnesaar.ee\/wp-content\/uploads\/2024\/04\/team-skip-11.jpg ,https:\/\/unikaalnesaar.ee\/wp-content\/uploads\/2024\/04\/team-skip-11.jpg 780w, https:\/\/unikaalnesaar.ee\/wp-content\/uploads\/2024\/04\/team-skip-11.jpg 360w\" sizes=\"auto, (max-width: 480px) 150px\" src=\"https:\/\/unikaalnesaar.ee\/wp-content\/uploads\/2024\/04\/team-skip-11.jpg\" alt=\"team skip 11\" class=\"uag-image-569\" width=\"270\" height=\"300\" title=\"team-skip-11\" loading=\"lazy\" role=\"img\"\/><\/figure><\/div>\n\n\n\n<div class=\"wp-block-uagb-advanced-heading uagb-block-453c92c4\"><p class=\"uagb-heading-text\">Eliisabet &amp; Michele<\/p><p class=\"uagb-desc-text\">Juhataja<\/p><\/div>\n<\/div>\n<\/div>\n<\/div><\/div>\n\n\n\n<div class=\"wp-block-uagb-container uagb-block-2926c5f0 alignfull uagb-is-root-container\"><div class=\"uagb-container-inner-blocks-wrap\">\n<div class=\"wp-block-uagb-advanced-heading uagb-block-9c23880b\"><h2 class=\"uagb-heading-text\">Tule ja l\u00f5\u00f5gastu!<\/h2><p class=\"uagb-desc-text\">Broneeri oma j\u00e4rgmine puhkus looduse keskel ja naudi vaikust.<\/p><\/div>\n\n\n\n<div class=\"wp-block-uagb-buttons uagb-buttons__outer-wrap uagb-btn__default-btn uagb-btn-tablet__default-btn uagb-btn-mobile__default-btn uagb-block-49f9cbfd\"><div class=\"uagb-buttons__wrap uagb-buttons-layout-wrap \">\n<div class=\"wp-block-uagb-buttons-child uagb-buttons__outer-wrap uagb-block-fcff0d9a wp-block-button\"><div class=\"uagb-button__wrapper\"><a class=\"uagb-buttons-repeater wp-block-button__link\" aria-label=\"\" href=\"\/contact\/\" rel=\"follow noopener\" target=\"_self\" role=\"button\"><div class=\"uagb-button__link\">Broneeri n\u00fc\u00fcd<\/div><\/a><\/div><\/div>\n\n\n\n<div class=\"wp-block-uagb-buttons-child uagb-buttons__outer-wrap uagb-block-63e6dab0 wp-block-button\"><div class=\"uagb-button__wrapper\"><a class=\"uagb-buttons-repeater wp-block-button__link\" aria-label=\"\" href=\"\/menu\/\" rel=\"follow noopener\" target=\"_self\" role=\"button\"><div class=\"uagb-button__link\">Vaata Men\u00fc\u00fc<\/div><\/a><\/div><\/div>\n<\/div><\/div>\n<\/div><\/div>\n","protected":false},"excerpt":{"rendered":"<p>Raivo Juhataja Olga Juhataja Maario Juhataja Eliisabet &amp; Michele Juhataja Tule ja l\u00f5\u00f5gastu! Broneeri oma j\u00e4rgmine puhkus looduse keskel ja [&hellip;]<\/p>\n","protected":false},"author":1,"featured_media":0,"parent":0,"menu_order":0,"comment_status":"closed","ping_status":"closed","template":"","meta":{"_uag_custom_page_level_css":"","site-sidebar-layout":"no-sidebar","site-content-layout":"","ast-site-content-layout":"normal-width-container","site-content-style":"default","site-sidebar-style":"default","ast-global-header-display":"","ast-banner-title-visibility":"","ast-main-header-display":"","ast-hfb-above-header-display":"","ast-hfb-below-header-display":"","ast-hfb-mobile-header-display":"","site-post-title":"disabled","ast-breadcrumbs-content":"","ast-featured-img":"","footer-sml-layout":"","ast-disable-related-posts":"","theme-transparent-header-meta":"enabled","adv-header-id-meta":"","stick-header-meta":"","header-above-stick-meta":"","header-main-stick-meta":"","header-below-stick-meta":"","astra-migrate-meta-layouts":"default","ast-page-background-enabled":"default","ast-page-background-meta":{"desktop":{"background-color":"var(--ast-global-color-4)","background-image":"","background-repeat":"repeat","background-position":"center center","background-size":"auto","background-attachment":"scroll","background-type":"","background-media":"","overlay-type":"","overlay-color":"","overlay-opacity":"","overlay-gradient":""},"tablet":{"background-color":"","background-image":"","background-repeat":"repeat","background-position":"center center","background-size":"auto","background-attachment":"scroll","background-type":"","background-media":"","overlay-type":"","overlay-color":"","overlay-opacity":"","overlay-gradient":""},"mobile":{"background-color":"","background-image":"","background-repeat":"repeat","background-position":"center center","background-size":"auto","background-attachment":"scroll","background-type":"","background-media":"","overlay-type":"","overlay-color":"","overlay-opacity":"","overlay-gradient":""}},"ast-content-background-meta":{"desktop":{"background-color":"var(--ast-global-color-5)","background-image":"","background-repeat":"repeat","background-position":"center center","background-size":"auto","background-attachment":"scroll","background-type":"","background-media":"","overlay-type":"","overlay-color":"","overlay-opacity":"","overlay-gradient":""},"tablet":{"background-color":"var(--ast-global-color-5)","background-image":"","background-repeat":"repeat","background-position":"center center","background-size":"auto","background-attachment":"scroll","background-type":"","background-media":"","overlay-type":"","overlay-color":"","overlay-opacity":"","overlay-gradient":""},"mobile":{"background-color":"var(--ast-global-color-5)","background-image":"","background-repeat":"repeat","background-position":"center center","background-size":"auto","background-attachment":"scroll","background-type":"","background-media":"","overlay-type":"","overlay-color":"","overlay-opacity":"","overlay-gradient":""}},"footnotes":""},"class_list":["post-31","page","type-page","status-publish","hentry"],"uagb_featured_image_src":{"full":false,"thumbnail":false,"medium":false,"medium_large":false,"large":false,"1536x1536":false,"2048x2048":false},"uagb_author_info":{"display_name":"marjapuu","author_link":"https:\/\/unikaalnesaar.ee\/?author=1"},"uagb_comment_info":0,"uagb_excerpt":"Raivo Juhataja Olga Juhataja Maario Juhataja Eliisabet &amp; Michele Juhataja Tule ja l\u00f5\u00f5gastu! Broneeri oma j\u00e4rgmine puhkus looduse keskel ja [&hellip;]","_links":{"self":[{"href":"https:\/\/unikaalnesaar.ee\/index.php?rest_route=\/wp\/v2\/pages\/31","targetHints":{"allow":["GET"]}}],"collection":[{"href":"https:\/\/unikaalnesaar.ee\/index.php?rest_route=\/wp\/v2\/pages"}],"about":[{"href":"https:\/\/unikaalnesaar.ee\/index.php?rest_route=\/wp\/v2\/types\/page"}],"author":[{"embeddable":true,"href":"https:\/\/unikaalnesaar.ee\/index.php?rest_route=\/wp\/v2\/users\/1"}],"replies":[{"embeddable":true,"href":"https:\/\/unikaalnesaar.ee\/index.php?rest_route=%2Fwp%2Fv2%2Fcomments&post=31"}],"version-history":[{"count":7,"href":"https:\/\/unikaalnesaar.ee\/index.php?rest_route=\/wp\/v2\/pages\/31\/revisions"}],"predecessor-version":[{"id":662,"href":"https:\/\/unikaalnesaar.ee\/index.php?rest_route=\/wp\/v2\/pages\/31\/revisions\/662"}],"wp:attachment":[{"href":"https:\/\/unikaalnesaar.ee\/index.php?rest_route=%2Fwp%2Fv2%2Fmedia&parent=31"}],"curies":[{"name":"wp","href":"https:\/\/api.w.org\/{rel}","templated":true}]}}