{"id":32,"date":"2026-03-12T16:26:33","date_gmt":"2026-03-12T16:26:33","guid":{"rendered":"https:\/\/unikaalnesaar.ee\/menu\/"},"modified":"2026-04-20T08:02:24","modified_gmt":"2026-04-20T08:02:24","slug":"menu","status":"publish","type":"page","link":"https:\/\/unikaalnesaar.ee\/?page_id=32","title":{"rendered":"Menu"},"content":{"rendered":"\n<div class=\"wp-block-uagb-container uagb-block-65e8ecdc alignfull uagb-is-root-container\"><div class=\"uagb-container-inner-blocks-wrap\">\n<div class=\"wp-block-uagb-info-box uagb-block-cd53bdb9 uagb-infobox__content-wrap  uagb-infobox-icon-above-title uagb-infobox-image-valign-top\"><div class=\"uagb-ifb-content\"><div class=\"uagb-ifb-title-wrap\"><p class=\"uagb-ifb-title-prefix\">K\u00fclastajatele avatud<\/p><h1 class=\"uagb-ifb-title\">Naudi loodust<\/h1><\/div><p class=\"uagb-ifb-desc\">Tutvu meie erinevate v\u00f5imalustega puhkuseks looduse keskel, nautides vaikust ja rahu.<\/p><\/div><\/div>\n<\/div><\/div>\n\n\n\n<div class=\"wp-block-uagb-container uagb-block-90d58d08 alignfull uagb-is-root-container\"><div class=\"uagb-container-inner-blocks-wrap\">\n<div class=\"wp-block-uagb-container uagb-block-6f57f860\">\n<div class=\"wp-block-uagb-container uagb-block-8b5ce5d2\">\n<div class=\"wp-block-uagb-container uagb-block-895b70be\">\n<div class=\"wp-block-group is-nowrap is-layout-flex wp-container-core-group-is-layout-6c531013 wp-block-group-is-layout-flex\">\n<div class=\"wp-block-uagb-image alignleft uagb-block-fbe6be31 wp-block-uagb-image--layout-default wp-block-uagb-image--effect-static wp-block-uagb-image--align-left\"><figure class=\"wp-block-uagb-image__figure\"><img decoding=\"async\" srcset=\"https:\/\/unikaalnesaar.ee\/wp-content\/uploads\/2026\/03\/jpeg-II.jpeg ,https:\/\/unikaalnesaar.ee\/wp-content\/uploads\/2026\/03\/jpeg-II.jpeg 780w, https:\/\/unikaalnesaar.ee\/wp-content\/uploads\/2026\/03\/jpeg-II.jpeg 360w\" sizes=\"auto, (max-width: 480px) 150px\" src=\"https:\/\/unikaalnesaar.ee\/wp-content\/uploads\/2026\/03\/jpeg-II.jpeg\" alt=\"Jpeg II\" class=\"uag-image-6\" width=\"200\" height=\"200\" title=\"Menu\" loading=\"lazy\" role=\"img\"><\/figure><\/div>\n\n\n\n<div class=\"wp-block-uagb-info-box uagb-block-7473f6be uagb-infobox__content-wrap  uagb-infobox-icon-left uagb-infobox-left uagb-infobox-image-valign-middle\"><div class=\"uagb-ifb-content\"><div class=\"uagb-ifb-title-wrap\"><p class=\"uagb-ifb-title\">Majutuspakkumised<\/p><\/div><p class=\"uagb-ifb-desc\">Uuri meie mugavate k\u00e4mpingute valikut ja broneeri oma ideaalne puhkus.<\/p><div class=\"uagb-ifb-button-wrapper wp-block-button\"><a href=\"#\" target=\"_self\" onclick=\"return false;\" class=\"uagb-infobox-cta-link\" rel=\"noopener noreferrer\"><span class=\"uagb-inline-editing\">$29.00<\/span><\/a><\/div><\/div><\/div>\n<\/div>\n<\/div>\n\n\n\n<div class=\"wp-block-uagb-container uagb-block-d957a3d0\">\n<div class=\"wp-block-uagb-image alignleft uagb-block-9783468b wp-block-uagb-image--layout-default wp-block-uagb-image--effect-static wp-block-uagb-image--align-left\"><figure class=\"wp-block-uagb-image__figure\"><img decoding=\"async\" srcset=\"https:\/\/unikaalnesaar.ee\/wp-content\/uploads\/2026\/03\/6FF4AFA3-0F89-48ED-9FF2-C15EFDBE5421.jpeg ,https:\/\/unikaalnesaar.ee\/wp-content\/uploads\/2026\/03\/6FF4AFA3-0F89-48ED-9FF2-C15EFDBE5421.jpeg 780w, https:\/\/unikaalnesaar.ee\/wp-content\/uploads\/2026\/03\/6FF4AFA3-0F89-48ED-9FF2-C15EFDBE5421.jpeg 360w\" sizes=\"auto, (max-width: 480px) 150px\" src=\"https:\/\/unikaalnesaar.ee\/wp-content\/uploads\/2026\/03\/6FF4AFA3-0F89-48ED-9FF2-C15EFDBE5421.jpeg\" alt=\"6FF4AFA3 0F89 48ED 9FF2 C15EFDBE5421\" class=\"uag-image-12\" width=\"200\" height=\"200\" title=\"Menu\" loading=\"lazy\" role=\"img\"><\/figure><\/div>\n\n\n\n<div class=\"wp-block-uagb-info-box uagb-block-b1359049 uagb-infobox__content-wrap  uagb-infobox-icon-left uagb-infobox-left uagb-infobox-image-valign-middle\"><div class=\"uagb-ifb-content\"><div class=\"uagb-ifb-title-wrap\"><p class=\"uagb-ifb-title\">Saun<\/p><\/div><p class=\"uagb-ifb-desc\">Relaakseerige meie saunas, et nautida rahu ja mugavust looduses.<\/p><div class=\"uagb-ifb-button-wrapper wp-block-button\"><a href=\"#\" target=\"_self\" onclick=\"return false;\" class=\"uagb-infobox-cta-link\" rel=\"noopener noreferrer\"><span class=\"uagb-inline-editing\">$35.00<\/span><\/a><\/div><\/div><\/div>\n<\/div>\n<\/div>\n\n\n\n<div class=\"wp-block-uagb-container uagb-block-c3ca1b99\">\n<div class=\"wp-block-uagb-container uagb-block-098a4678\">\n<div class=\"wp-block-uagb-image alignleft uagb-block-8b43c182 wp-block-uagb-image--layout-default wp-block-uagb-image--effect-static wp-block-uagb-image--align-left\"><figure class=\"wp-block-uagb-image__figure\"><img decoding=\"async\" srcset=\"https:\/\/unikaalnesaar.ee\/wp-content\/uploads\/2026\/03\/D1E8C175-7A0C-4A21-B6F0-7F9861AAFE3B.jpeg ,https:\/\/unikaalnesaar.ee\/wp-content\/uploads\/2026\/03\/D1E8C175-7A0C-4A21-B6F0-7F9861AAFE3B.jpeg 780w, https:\/\/unikaalnesaar.ee\/wp-content\/uploads\/2026\/03\/D1E8C175-7A0C-4A21-B6F0-7F9861AAFE3B.jpeg 360w\" sizes=\"auto, (max-width: 480px) 150px\" src=\"https:\/\/unikaalnesaar.ee\/wp-content\/uploads\/2026\/03\/D1E8C175-7A0C-4A21-B6F0-7F9861AAFE3B.jpeg\" alt=\"D1E8C175 7A0C 4A21 B6F0 7F9861AAFE3B\" class=\"uag-image-10\" width=\"200\" height=\"200\" title=\"Menu\" loading=\"lazy\" role=\"img\"><\/figure><\/div>\n\n\n\n<div class=\"wp-block-uagb-info-box uagb-block-11f7e6ed uagb-infobox__content-wrap  uagb-infobox-icon-left uagb-infobox-left uagb-infobox-image-valign-middle\"><div class=\"uagb-ifb-content\"><div class=\"uagb-ifb-title-wrap\"><p class=\"uagb-ifb-title\">Tegevused<\/p><\/div><p class=\"uagb-ifb-desc\">Avasta looduses tegevuste mitmekesisus, alates kalap\u00fc\u00fcgist kuni jalutusk\u00e4ikudeni.<\/p><div class=\"uagb-ifb-button-wrapper wp-block-button\"><a href=\"#\" target=\"_self\" onclick=\"return false;\" class=\"uagb-infobox-cta-link\" rel=\"noopener noreferrer\"><span class=\"uagb-inline-editing\">$58.00<\/span><\/a><\/div><\/div><\/div>\n<\/div>\n\n\n\n<div class=\"wp-block-uagb-container uagb-block-d6bbfc30\">\n<div class=\"wp-block-uagb-image alignleft uagb-block-e9ecf6df wp-block-uagb-image--layout-default wp-block-uagb-image--effect-static wp-block-uagb-image--align-left\"><figure class=\"wp-block-uagb-image__figure\"><img decoding=\"async\" srcset=\"https:\/\/unikaalnesaar.ee\/wp-content\/uploads\/2026\/03\/12E43CF0-5D83-42EB-9E82-2ACEBD3E445A.jpeg ,https:\/\/unikaalnesaar.ee\/wp-content\/uploads\/2026\/03\/12E43CF0-5D83-42EB-9E82-2ACEBD3E445A.jpeg 780w, https:\/\/unikaalnesaar.ee\/wp-content\/uploads\/2026\/03\/12E43CF0-5D83-42EB-9E82-2ACEBD3E445A.jpeg 360w\" sizes=\"auto, (max-width: 480px) 150px\" src=\"https:\/\/unikaalnesaar.ee\/wp-content\/uploads\/2026\/03\/12E43CF0-5D83-42EB-9E82-2ACEBD3E445A.jpeg\" alt=\"12E43CF0 5D83 42EB 9E82 2ACEBD3E445A\" class=\"uag-image-14\" width=\"200\" height=\"200\" title=\"Menu\" loading=\"lazy\" role=\"img\"><\/figure><\/div>\n\n\n\n<div class=\"wp-block-uagb-info-box uagb-block-1303f7ba uagb-infobox__content-wrap  uagb-infobox-icon-left uagb-infobox-left uagb-infobox-image-valign-middle\"><div class=\"uagb-ifb-content\"><div class=\"uagb-ifb-title-wrap\"><p class=\"uagb-ifb-title\">Toit<\/p><\/div><p class=\"uagb-ifb-desc\">Naudi maitsvaid toite, mida valmistatakse v\u00e4rskest ja kohalikust toorainest.<\/p><div class=\"uagb-ifb-button-wrapper wp-block-button\"><a href=\"#\" target=\"_self\" onclick=\"return false;\" class=\"uagb-infobox-cta-link\" rel=\"noopener noreferrer\"><span class=\"uagb-inline-editing\">$53.00<\/span><\/a><\/div><\/div><\/div>\n<\/div>\n<\/div>\n<\/div>\n\n\n\n<div class=\"wp-block-uagb-image uagb-block-560f0051 wp-block-uagb-image--layout-default wp-block-uagb-image--effect-static wp-block-uagb-image--align-none\"><figure class=\"wp-block-uagb-image__figure\"><img decoding=\"async\" srcset=\"https:\/\/unikaalnesaar.ee\/wp-content\/uploads\/2026\/03\/A5D23D79-F3C3-445B-A703-4B5F74DC6A93_1_105_c.jpeg ,https:\/\/unikaalnesaar.ee\/wp-content\/uploads\/2026\/03\/A5D23D79-F3C3-445B-A703-4B5F74DC6A93_1_105_c.jpeg 780w, https:\/\/unikaalnesaar.ee\/wp-content\/uploads\/2026\/03\/A5D23D79-F3C3-445B-A703-4B5F74DC6A93_1_105_c.jpeg 360w\" sizes=\"auto, (max-width: 480px) 150px\" src=\"https:\/\/unikaalnesaar.ee\/wp-content\/uploads\/2026\/03\/A5D23D79-F3C3-445B-A703-4B5F74DC6A93_1_105_c.jpeg\" alt=\"A5D23D79 F3C3 445B A703 4B5F74DC6A93 1 105 C\" class=\"uag-image-8\" width=\"1200\" height=\"500\" title=\"Menu\" loading=\"lazy\" role=\"img\"><\/figure><\/div>\n\n\n\n<div class=\"wp-block-uagb-container uagb-block-e113ccb7\">\n<div class=\"wp-block-uagb-container uagb-block-05b19e89\">\n<div class=\"wp-block-uagb-container uagb-block-270e96df\">\n<div class=\"wp-block-uagb-image alignleft uagb-block-7b85273c wp-block-uagb-image--layout-default wp-block-uagb-image--effect-static wp-block-uagb-image--align-left\"><figure class=\"wp-block-uagb-image__figure\"><img decoding=\"async\" srcset=\"https:\/\/unikaalnesaar.ee\/wp-content\/uploads\/2026\/03\/E2298DF0-DF53-465A-8A3E-A578B02E90D6_1_105_c.jpeg ,https:\/\/unikaalnesaar.ee\/wp-content\/uploads\/2026\/03\/E2298DF0-DF53-465A-8A3E-A578B02E90D6_1_105_c.jpeg 780w, https:\/\/unikaalnesaar.ee\/wp-content\/uploads\/2026\/03\/E2298DF0-DF53-465A-8A3E-A578B02E90D6_1_105_c.jpeg 360w\" sizes=\"auto, (max-width: 480px) 150px\" src=\"https:\/\/unikaalnesaar.ee\/wp-content\/uploads\/2026\/03\/E2298DF0-DF53-465A-8A3E-A578B02E90D6_1_105_c.jpeg\" alt=\"E2298DF0 DF53 465A 8A3E A578B02E90D6 1 105 C\" class=\"uag-image-9\" width=\"200\" height=\"200\" title=\"Menu\" loading=\"lazy\" role=\"img\"><\/figure><\/div>\n\n\n\n<div class=\"wp-block-uagb-info-box uagb-block-77620074 uagb-infobox__content-wrap  uagb-infobox-icon-left uagb-infobox-left uagb-infobox-image-valign-middle\"><div class=\"uagb-ifb-content\"><div class=\"uagb-ifb-title-wrap\"><p class=\"uagb-ifb-title\">L\u00f5ke<\/p><\/div><p class=\"uagb-ifb-desc\">Kogunege s\u00f5prade ja perega l\u00f5kke \u00fcmber ning nautige koosolekuid.<\/p><div class=\"uagb-ifb-button-wrapper wp-block-button\"><a href=\"#\" target=\"_self\" onclick=\"return false;\" class=\"uagb-infobox-cta-link\" rel=\"noopener noreferrer\"><span class=\"uagb-inline-editing\">$17.00<\/span><\/a><\/div><\/div><\/div>\n<\/div>\n\n\n\n<div class=\"wp-block-uagb-container uagb-block-9f170532\">\n<div class=\"wp-block-uagb-image alignleft uagb-block-f6387df3 wp-block-uagb-image--layout-default wp-block-uagb-image--effect-static wp-block-uagb-image--align-left\"><figure class=\"wp-block-uagb-image__figure\"><img decoding=\"async\" srcset=\"https:\/\/unikaalnesaar.ee\/wp-content\/uploads\/2026\/03\/5DD6F665-141E-4D1F-AB58-A0084614DC6D.jpeg ,https:\/\/unikaalnesaar.ee\/wp-content\/uploads\/2026\/03\/5DD6F665-141E-4D1F-AB58-A0084614DC6D.jpeg 780w, https:\/\/unikaalnesaar.ee\/wp-content\/uploads\/2026\/03\/5DD6F665-141E-4D1F-AB58-A0084614DC6D.jpeg 360w\" sizes=\"auto, (max-width: 480px) 150px\" src=\"https:\/\/unikaalnesaar.ee\/wp-content\/uploads\/2026\/03\/5DD6F665-141E-4D1F-AB58-A0084614DC6D.jpeg\" alt=\"5DD6F665 141E 4D1F AB58 A0084614DC6D\" class=\"uag-image-11\" width=\"200\" height=\"200\" title=\"Menu\" loading=\"lazy\" role=\"img\"><\/figure><\/div>\n\n\n\n<div class=\"wp-block-uagb-info-box uagb-block-0e2f1a34 uagb-infobox__content-wrap  uagb-infobox-icon-left uagb-infobox-left uagb-infobox-image-valign-middle\"><div class=\"uagb-ifb-content\"><div class=\"uagb-ifb-title-wrap\"><p class=\"uagb-ifb-title\">Paadis\u00f5it<\/p><\/div><p class=\"uagb-ifb-desc\">Kogege V\u00f5rtsj\u00e4rve ilu meie paadi-eesm\u00e4rkide ja matkade kaudu.<\/p><div class=\"uagb-ifb-button-wrapper wp-block-button\"><a href=\"#\" target=\"_self\" onclick=\"return false;\" class=\"uagb-infobox-cta-link\" rel=\"noopener noreferrer\"><span class=\"uagb-inline-editing\">$19.00<\/span><\/a><\/div><\/div><\/div>\n<\/div>\n<\/div>\n\n\n\n<div class=\"wp-block-uagb-container uagb-block-7448aa99\">\n<div class=\"wp-block-uagb-container uagb-block-0e845231\">\n<div class=\"wp-block-uagb-image alignleft uagb-block-ec7ace57 wp-block-uagb-image--layout-default wp-block-uagb-image--effect-static wp-block-uagb-image--align-left\"><figure class=\"wp-block-uagb-image__figure\"><img decoding=\"async\" srcset=\"https:\/\/unikaalnesaar.ee\/wp-content\/uploads\/2026\/03\/DE0E9878-5F6D-4A90-9CD2-103C3435A46D.jpeg ,https:\/\/unikaalnesaar.ee\/wp-content\/uploads\/2026\/03\/DE0E9878-5F6D-4A90-9CD2-103C3435A46D.jpeg 780w, https:\/\/unikaalnesaar.ee\/wp-content\/uploads\/2026\/03\/DE0E9878-5F6D-4A90-9CD2-103C3435A46D.jpeg 360w\" sizes=\"auto, (max-width: 480px) 150px\" src=\"https:\/\/unikaalnesaar.ee\/wp-content\/uploads\/2026\/03\/DE0E9878-5F6D-4A90-9CD2-103C3435A46D.jpeg\" alt=\"DE0E9878 5F6D 4A90 9CD2 103C3435A46D\" class=\"uag-image-13\" width=\"200\" height=\"200\" title=\"Menu\" loading=\"lazy\" role=\"img\"><\/figure><\/div>\n\n\n\n<div class=\"wp-block-uagb-info-box uagb-block-7291bef2 uagb-infobox__content-wrap  uagb-infobox-icon-left uagb-infobox-left uagb-infobox-image-valign-middle\"><div class=\"uagb-ifb-content\"><div class=\"uagb-ifb-title-wrap\"><p class=\"uagb-ifb-title\">Metsamarjad<\/p><\/div><p class=\"uagb-ifb-desc\">Korja maitsvaid metsamarju ja tee oma puhkusele midagi erilist.<\/p><div class=\"uagb-ifb-button-wrapper wp-block-button\"><a href=\"#\" target=\"_self\" onclick=\"return false;\" class=\"uagb-infobox-cta-link\" rel=\"noopener noreferrer\"><span class=\"uagb-inline-editing\">$62.00<\/span><\/a><\/div><\/div><\/div>\n<\/div>\n\n\n\n<div class=\"wp-block-uagb-container uagb-block-953e69d5\">\n<div class=\"wp-block-uagb-image alignleft uagb-block-89e1a6a8 wp-block-uagb-image--layout-default wp-block-uagb-image--effect-static wp-block-uagb-image--align-left\"><figure class=\"wp-block-uagb-image__figure\"><img decoding=\"async\" srcset=\"https:\/\/unikaalnesaar.ee\/wp-content\/uploads\/2026\/03\/40FAE831-93C6-4CF6-A555-59FF0627F8CB.jpeg ,https:\/\/unikaalnesaar.ee\/wp-content\/uploads\/2026\/03\/40FAE831-93C6-4CF6-A555-59FF0627F8CB.jpeg 780w, https:\/\/unikaalnesaar.ee\/wp-content\/uploads\/2026\/03\/40FAE831-93C6-4CF6-A555-59FF0627F8CB.jpeg 360w\" sizes=\"auto, (max-width: 480px) 150px\" src=\"https:\/\/unikaalnesaar.ee\/wp-content\/uploads\/2026\/03\/40FAE831-93C6-4CF6-A555-59FF0627F8CB.jpeg\" alt=\"40FAE831 93C6 4CF6 A555 59FF0627F8CB\" class=\"uag-image-15\" width=\"200\" height=\"200\" title=\"Menu\" loading=\"lazy\" role=\"img\"><\/figure><\/div>\n\n\n\n<div class=\"wp-block-uagb-info-box uagb-block-7b79f250 uagb-infobox__content-wrap  uagb-infobox-icon-left uagb-infobox-left uagb-infobox-image-valign-middle\"><div class=\"uagb-ifb-content\"><div class=\"uagb-ifb-title-wrap\"><p class=\"uagb-ifb-title\">Loomad<\/p><\/div><p class=\"uagb-ifb-desc\">Uurige meie \u00fcmbruse looduslikku elu ja nautige loomade vaatlemist.<\/p><div class=\"uagb-ifb-button-wrapper wp-block-button\"><a href=\"#\" target=\"_self\" onclick=\"return false;\" class=\"uagb-infobox-cta-link\" rel=\"noopener noreferrer\"><span class=\"uagb-inline-editing\">$63.00<\/span><\/a><\/div><\/div><\/div>\n<\/div>\n<\/div>\n<\/div>\n<\/div><\/div>\n\n\n\n<div class=\"wp-block-uagb-container uagb-block-cdd18bb6 alignfull uagb-is-root-container\"><div class=\"uagb-container-inner-blocks-wrap\">\n<div class=\"wp-block-uagb-info-box uagb-block-bb18872d uagb-infobox__content-wrap  uagb-infobox-icon-above-title uagb-infobox-image-valign-top\"><div class=\"uagb-ifb-content\"><div class=\"uagb-ifb-title-wrap\"><p class=\"uagb-ifb-title-prefix\">Eripakkumised<\/p><h2 class=\"uagb-ifb-title\">Ainulaadsed kogemused<\/h2><\/div><p class=\"uagb-ifb-desc\">Muudame teie puhkuse veelgi erilisemaks meie eksklusiivsete pakkumistega.<\/p><\/div><\/div>\n\n\n\n<div class=\"wp-block-uagb-container uagb-block-292ffc9f\">\n<div class=\"wp-block-uagb-container uagb-block-0f741d5c\">\n<div class=\"wp-block-uagb-image alignleft uagb-block-02cca764 wp-block-uagb-image--layout-default wp-block-uagb-image--effect-static wp-block-uagb-image--align-left\"><figure class=\"wp-block-uagb-image__figure\"><img decoding=\"async\" srcset=\"https:\/\/unikaalnesaar.ee\/wp-content\/uploads\/2026\/03\/jpeg-III.jpeg ,https:\/\/unikaalnesaar.ee\/wp-content\/uploads\/2026\/03\/jpeg-III.jpeg 780w, https:\/\/unikaalnesaar.ee\/wp-content\/uploads\/2026\/03\/jpeg-III.jpeg 360w\" sizes=\"auto, (max-width: 480px) 150px\" src=\"https:\/\/unikaalnesaar.ee\/wp-content\/uploads\/2026\/03\/jpeg-III.jpeg\" alt=\"Jpeg III\" class=\"uag-image-7\" width=\"380\" height=\"400\" title=\"Menu\" loading=\"lazy\" role=\"img\"><\/figure><\/div>\n\n\n\n<div class=\"wp-block-uagb-advanced-heading uagb-block-1ae7f0cb\"><p class=\"uagb-heading-text\">Perepakkumine<\/p><p class=\"uagb-desc-text\">Broneerige perereis ja nautige erihindu ja pakkumisi.<\/p><\/div>\n<\/div>\n\n\n\n<div class=\"wp-block-uagb-container uagb-block-083035be\">\n<div class=\"wp-block-uagb-image alignleft uagb-block-a8ab000e wp-block-uagb-image--layout-default wp-block-uagb-image--effect-static wp-block-uagb-image--align-left\"><figure class=\"wp-block-uagb-image__figure\"><img decoding=\"async\" srcset=\"https:\/\/unikaalnesaar.ee\/wp-content\/uploads\/2026\/03\/A5D23D79-F3C3-445B-A703-4B5F74DC6A93_1_105_c.jpeg ,https:\/\/unikaalnesaar.ee\/wp-content\/uploads\/2026\/03\/A5D23D79-F3C3-445B-A703-4B5F74DC6A93_1_105_c.jpeg 780w, https:\/\/unikaalnesaar.ee\/wp-content\/uploads\/2026\/03\/A5D23D79-F3C3-445B-A703-4B5F74DC6A93_1_105_c.jpeg 360w\" sizes=\"auto, (max-width: 480px) 150px\" src=\"https:\/\/unikaalnesaar.ee\/wp-content\/uploads\/2026\/03\/A5D23D79-F3C3-445B-A703-4B5F74DC6A93_1_105_c.jpeg\" alt=\"A5D23D79 F3C3 445B A703 4B5F74DC6A93 1 105 C\" class=\"uag-image-8\" width=\"380\" height=\"400\" title=\"Menu\" loading=\"lazy\" role=\"img\"><\/figure><\/div>\n\n\n\n<div class=\"wp-block-uagb-advanced-heading uagb-block-841ee3ee\"><p class=\"uagb-heading-text\">Romantiline puhkus<\/p><p class=\"uagb-desc-text\">Pakume romantilisi pakkumisi paaridele, kes soovivad koos aega veeta.<\/p><\/div>\n<\/div>\n\n\n\n<div class=\"wp-block-uagb-container uagb-block-2017bec4\">\n<div class=\"wp-block-uagb-image alignleft uagb-block-8101ae38 wp-block-uagb-image--layout-default wp-block-uagb-image--effect-static wp-block-uagb-image--align-left\"><figure class=\"wp-block-uagb-image__figure\"><img decoding=\"async\" srcset=\"https:\/\/unikaalnesaar.ee\/wp-content\/uploads\/2026\/03\/E2298DF0-DF53-465A-8A3E-A578B02E90D6_1_105_c.jpeg ,https:\/\/unikaalnesaar.ee\/wp-content\/uploads\/2026\/03\/E2298DF0-DF53-465A-8A3E-A578B02E90D6_1_105_c.jpeg 780w, https:\/\/unikaalnesaar.ee\/wp-content\/uploads\/2026\/03\/E2298DF0-DF53-465A-8A3E-A578B02E90D6_1_105_c.jpeg 360w\" sizes=\"auto, (max-width: 480px) 150px\" src=\"https:\/\/unikaalnesaar.ee\/wp-content\/uploads\/2026\/03\/E2298DF0-DF53-465A-8A3E-A578B02E90D6_1_105_c.jpeg\" alt=\"E2298DF0 DF53 465A 8A3E A578B02E90D6 1 105 C\" class=\"uag-image-9\" width=\"380\" height=\"400\" title=\"Menu\" loading=\"lazy\" role=\"img\"><\/figure><\/div>\n\n\n\n<div class=\"wp-block-uagb-advanced-heading uagb-block-05fb81f7\"><p class=\"uagb-heading-text\">Seikluslik n\u00e4dalavahetus<\/p><p class=\"uagb-desc-text\">Registreeruge seikluslikuks n\u00e4dalavahetuseks, mis sisaldab mitmeid p\u00f5nevaid tegevusi.<\/p><\/div>\n<\/div>\n<\/div>\n<\/div><\/div>\n\n\n\n<div class=\"wp-block-uagb-container uagb-block-2926c5f0 alignfull uagb-is-root-container\"><div class=\"uagb-container-inner-blocks-wrap\">\n<div class=\"wp-block-uagb-advanced-heading uagb-block-9c23880b\"><h2 class=\"uagb-heading-text\">Tule ja l\u00f5\u00f5gastu!<\/h2><p class=\"uagb-desc-text\">Broneeri oma j\u00e4rgmine puhkus looduse keskel ja naudi vaikust.<\/p><\/div>\n\n\n\n<div class=\"wp-block-uagb-buttons uagb-buttons__outer-wrap uagb-btn__default-btn uagb-btn-tablet__default-btn uagb-btn-mobile__default-btn uagb-block-49f9cbfd\"><div class=\"uagb-buttons__wrap uagb-buttons-layout-wrap \">\n<div class=\"wp-block-uagb-buttons-child uagb-buttons__outer-wrap uagb-block-fcff0d9a wp-block-button\"><div class=\"uagb-button__wrapper\"><a class=\"uagb-buttons-repeater wp-block-button__link\" aria-label=\"\" href=\"\/contact\/\" rel=\"follow noopener\" target=\"_self\" role=\"button\"><div class=\"uagb-button__link\">Broneeri n\u00fc\u00fcd<\/div><\/a><\/div><\/div>\n\n\n\n<div class=\"wp-block-uagb-buttons-child uagb-buttons__outer-wrap uagb-block-63e6dab0 wp-block-button\"><div class=\"uagb-button__wrapper\"><a class=\"uagb-buttons-repeater wp-block-button__link\" aria-label=\"\" href=\"\/menu\/\" rel=\"follow noopener\" target=\"_self\" role=\"button\"><div class=\"uagb-button__link\">Vaata Men\u00fc\u00fc<\/div><\/a><\/div><\/div>\n<\/div><\/div>\n<\/div><\/div>\n","protected":false},"excerpt":{"rendered":"<p>Perepakkumine Broneerige perereis ja nautige erihindu ja pakkumisi. Romantiline puhkus Pakume romantilisi pakkumisi paaridele, kes soovivad koos aega veeta. Seikluslik [&hellip;]<\/p>\n","protected":false},"author":1,"featured_media":0,"parent":0,"menu_order":0,"comment_status":"closed","ping_status":"closed","template":"","meta":{"_uag_custom_page_level_css":"","site-sidebar-layout":"default","site-content-layout":"","ast-site-content-layout":"default","site-content-style":"default","site-sidebar-style":"default","ast-global-header-display":"","ast-banner-title-visibility":"","ast-main-header-display":"","ast-hfb-above-header-display":"","ast-hfb-below-header-display":"","ast-hfb-mobile-header-display":"","site-post-title":"disabled","ast-breadcrumbs-content":"","ast-featured-img":"","footer-sml-layout":"","ast-disable-related-posts":"","theme-transparent-header-meta":"enabled","adv-header-id-meta":"","stick-header-meta":"","header-above-stick-meta":"","header-main-stick-meta":"","header-below-stick-meta":"","astra-migrate-meta-layouts":"default","ast-page-background-enabled":"default","ast-page-background-meta":{"desktop":{"background-color":"var(--ast-global-color-4)","background-image":"","background-repeat":"repeat","background-position":"center center","background-size":"auto","background-attachment":"scroll","background-type":"","background-media":"","overlay-type":"","overlay-color":"","overlay-opacity":"","overlay-gradient":""},"tablet":{"background-color":"","background-image":"","background-repeat":"repeat","background-position":"center center","background-size":"auto","background-attachment":"scroll","background-type":"","background-media":"","overlay-type":"","overlay-color":"","overlay-opacity":"","overlay-gradient":""},"mobile":{"background-color":"","background-image":"","background-repeat":"repeat","background-position":"center center","background-size":"auto","background-attachment":"scroll","background-type":"","background-media":"","overlay-type":"","overlay-color":"","overlay-opacity":"","overlay-gradient":""}},"ast-content-background-meta":{"desktop":{"background-color":"var(--ast-global-color-5)","background-image":"","background-repeat":"repeat","background-position":"center center","background-size":"auto","background-attachment":"scroll","background-type":"","background-media":"","overlay-type":"","overlay-color":"","overlay-opacity":"","overlay-gradient":""},"tablet":{"background-color":"var(--ast-global-color-5)","background-image":"","background-repeat":"repeat","background-position":"center center","background-size":"auto","background-attachment":"scroll","background-type":"","background-media":"","overlay-type":"","overlay-color":"","overlay-opacity":"","overlay-gradient":""},"mobile":{"background-color":"var(--ast-global-color-5)","background-image":"","background-repeat":"repeat","background-position":"center center","background-size":"auto","background-attachment":"scroll","background-type":"","background-media":"","overlay-type":"","overlay-color":"","overlay-opacity":"","overlay-gradient":""}},"footnotes":""},"class_list":["post-32","page","type-page","status-publish","hentry"],"uagb_featured_image_src":{"full":false,"thumbnail":false,"medium":false,"medium_large":false,"large":false,"1536x1536":false,"2048x2048":false},"uagb_author_info":{"display_name":"marjapuu","author_link":"https:\/\/unikaalnesaar.ee\/?author=1"},"uagb_comment_info":0,"uagb_excerpt":"Perepakkumine Broneerige perereis ja nautige erihindu ja pakkumisi. Romantiline puhkus Pakume romantilisi pakkumisi paaridele, kes soovivad koos aega veeta. Seikluslik [&hellip;]","_links":{"self":[{"href":"https:\/\/unikaalnesaar.ee\/index.php?rest_route=\/wp\/v2\/pages\/32","targetHints":{"allow":["GET"]}}],"collection":[{"href":"https:\/\/unikaalnesaar.ee\/index.php?rest_route=\/wp\/v2\/pages"}],"about":[{"href":"https:\/\/unikaalnesaar.ee\/index.php?rest_route=\/wp\/v2\/types\/page"}],"author":[{"embeddable":true,"href":"https:\/\/unikaalnesaar.ee\/index.php?rest_route=\/wp\/v2\/users\/1"}],"replies":[{"embeddable":true,"href":"https:\/\/unikaalnesaar.ee\/index.php?rest_route=%2Fwp%2Fv2%2Fcomments&post=32"}],"version-history":[{"count":4,"href":"https:\/\/unikaalnesaar.ee\/index.php?rest_route=\/wp\/v2\/pages\/32\/revisions"}],"predecessor-version":[{"id":660,"href":"https:\/\/unikaalnesaar.ee\/index.php?rest_route=\/wp\/v2\/pages\/32\/revisions\/660"}],"wp:attachment":[{"href":"https:\/\/unikaalnesaar.ee\/index.php?rest_route=%2Fwp%2Fv2%2Fmedia&parent=32"}],"curies":[{"name":"wp","href":"https:\/\/api.w.org\/{rel}","templated":true}]}}